{"id":1878,"date":"2019-09-05T08:43:56","date_gmt":"2019-09-05T08:43:56","guid":{"rendered":"https:\/\/dentes-de-leao.runescript.pt\/home\/"},"modified":"2022-06-16T08:44:53","modified_gmt":"2022-06-16T08:44:53","slug":"home","status":"publish","type":"page","link":"https:\/\/dentesdeleao.pt\/en\/","title":{"rendered":"Home"},"content":{"rendered":"<hr>\n<div>\n<p><strong>Dentes de Le\u00e3o is a participatory arts project investing in youngsters from Sardoal, \u00c9vora and Lisbon, as well as in young artists from the regions of Santar\u00e9m and \u00c9vora and from Iceland. It fosters the coordination of cultural, heritage and human resources from those territories, resorting to collaborative, learning and reflexive processes, seeking to value them and render them sustainable.<\/strong><\/p>\n<\/div>\n<p><!--more--><br \/>\n<!-- {\"type\":\"layout\",\"children\":[{\"type\":\"section\",\"props\":{\"style\":\"default\",\"width\":\"default\",\"vertical_align\":\"\",\"title_position\":\"top-left\",\"title_rotation\":\"left\",\"title_breakpoint\":\"xl\",\"image_position\":\"center-center\",\"height\":\"full\",\"header_transparent\":\"dark\",\"header_transparent_noplaceholder\":true,\"padding\":\"none\",\"padding_remove_horizontal\":true,\"css\":\".el-section{\\n    overflow: hidden;\\n}\"},\"children\":[{\"type\":\"row\",\"children\":[{\"type\":\"column\",\"props\":{\"position_sticky_breakpoint\":\"m\",\"image_position\":\"center-center\",\"media_overlay_gradient\":\"\"},\"children\":[{\"type\":\"module\",\"props\":{\"menu_style\":\"nav\",\"widget\":\"dente_leao_widget_homepage-2\",\"type\":\"dente_leao_widget_homepage\"}}]}],\"props\":{\"row_gap\":\"collapse\",\"column_gap\":\"collapse\",\"margin\":\"remove-vertical\"}}]},{\"type\":\"section\",\"props\":{\"style\":\"default\",\"width\":\"default\",\"vertical_align\":\"middle\",\"title_position\":\"top-left\",\"title_rotation\":\"left\",\"title_breakpoint\":\"xl\",\"image_position\":\"center-center\",\"padding\":\"none\"},\"children\":[{\"type\":\"row\",\"children\":[{\"type\":\"column\",\"props\":{\"position_sticky_breakpoint\":\"m\",\"image_position\":\"center-center\",\"media_overlay_gradient\":\"\"},\"children\":[{\"type\":\"divider\",\"props\":{\"divider_element\":\"hr\"}}]}]}]},{\"type\":\"section\",\"props\":{\"style\":\"default\",\"width\":\"default\",\"vertical_align\":\"middle\",\"title_position\":\"top-left\",\"title_rotation\":\"left\",\"title_breakpoint\":\"xl\",\"image_position\":\"center-center\",\"padding\":\"xsmall\"},\"children\":[{\"type\":\"row\",\"children\":[{\"type\":\"column\",\"props\":{\"position_sticky_breakpoint\":\"m\",\"image_position\":\"center-center\",\"media_overlay_gradient\":\"\"},\"children\":[{\"type\":\"text\",\"props\":{\"margin\":\"default\",\"column_breakpoint\":\"m\",\"content\":\"\n\n<p><strong>Dentes de Le\\u00e3o is a participatory arts project investing in youngsters from Sardoal, \\u00c9vora and Lisbon, as well as in young artists from the regions of Santar\\u00e9m and \\u00c9vora and from Iceland. It fosters the coordination of cultural, heritage and human resources from those territories, resorting to collaborative, learning and reflexive processes, seeking to value them and render them sustainable.<\\\/strong><\\\/p>\",\"text_color\":\"primary\",\"css\":\".el-element {\\n\\tfont-weight: 500;\\n}\"}}]}]}]}],\"version\":\"2.7.22\"} --><\/p>\n","protected":false},"excerpt":{"rendered":"<p>Dentes de Le\u00e3o is a participatory arts project investing in youngsters from Sardoal, \u00c9vora and Lisbon, as well as in young artists from the regions of Santar\u00e9m and \u00c9vora and from Iceland. It fosters the coordination of cultural, heritage and human resources from those territories, resorting to collaborative, learning and reflexive processes, seeking to value [&hellip;]<\/p>\n","protected":false},"author":1,"featured_media":0,"parent":0,"menu_order":5,"comment_status":"open","ping_status":"open","template":"","meta":[],"acf":[],"_links":{"self":[{"href":"https:\/\/dentesdeleao.pt\/en\/wp-json\/wp\/v2\/pages\/1878"}],"collection":[{"href":"https:\/\/dentesdeleao.pt\/en\/wp-json\/wp\/v2\/pages"}],"about":[{"href":"https:\/\/dentesdeleao.pt\/en\/wp-json\/wp\/v2\/types\/page"}],"author":[{"embeddable":true,"href":"https:\/\/dentesdeleao.pt\/en\/wp-json\/wp\/v2\/users\/1"}],"replies":[{"embeddable":true,"href":"https:\/\/dentesdeleao.pt\/en\/wp-json\/wp\/v2\/comments?post=1878"}],"version-history":[{"count":1,"href":"https:\/\/dentesdeleao.pt\/en\/wp-json\/wp\/v2\/pages\/1878\/revisions"}],"predecessor-version":[{"id":1882,"href":"https:\/\/dentesdeleao.pt\/en\/wp-json\/wp\/v2\/pages\/1878\/revisions\/1882"}],"wp:attachment":[{"href":"https:\/\/dentesdeleao.pt\/en\/wp-json\/wp\/v2\/media?parent=1878"}],"curies":[{"name":"wp","href":"https:\/\/api.w.org\/{rel}","templated":true}]}}