{"id":1879,"date":"2022-03-28T21:03:08","date_gmt":"2022-03-28T21:03:08","guid":{"rendered":"https:\/\/dentes-de-leao.runescript.pt\/sobre\/"},"modified":"2023-06-21T23:18:36","modified_gmt":"2023-06-21T23:18:36","slug":"about","status":"publish","type":"page","link":"https:\/\/dentesdeleao.pt\/en\/about\/","title":{"rendered":"About"},"content":{"rendered":"<div>\n<p><span style=\"font-weight: 400;\"><strong>DENTES DE LE\u00c3O<\/strong>\u00a0is a participatory arts project investing in youngsters from Sardoal, \u00c9vora and Lisbon, as well as in young artists from the regions of Santar\u00e9m and \u00c9vora and from Iceland. It fosters the coordination of cultural, heritage and human resources from those territories, resorting to collaborative, learning and reflexive processes, seeking to value them and render them sustainable.<\/span><\/p>\n<p><strong>DENTES DE LE\u00c3O IS:<br \/><\/strong>\u2731 <span style=\"font-weight: 400;\">a collaborative space for youngsters and artists to create together by concurrently carrying out weekly <\/span><b>Youth Encounters<\/b><span style=\"font-weight: 400;\"> and ten <\/span><b>Artistic Residencies<\/b><span style=\"font-weight: 400;\">;<\/span><\/p>\n<p>\u2731 <span style=\"font-weight: 400;\">a learning space for artists and other cultural actors via three <\/span><b>Artistic Labs<\/b><span style=\"font-weight: 400;\"> and a <\/span><b>Participatory Arts Course<\/b><span style=\"font-weight: 400;\">;<\/span><\/p>\n<p>\u2731 <span style=\"font-weight: 400;\">a programming space that will host several presentations as <\/span><b>Open Workshops<\/b><span style=\"font-weight: 400;\"> (\u00c9vora) and a <\/span><b>Participatory Arts Cycle<\/b><span style=\"font-weight: 400;\"> (Sardoal);<\/span><\/p>\n<p>\u2731 <span style=\"font-weight: 400;\">and a reflexive space in collaboration with the academic community, featuring the <\/span><b>setting-up of a specific monitoring and evaluation methodology<\/b><span style=\"font-weight: 400;\">, a<\/span><b> Closing Forum<\/b><span style=\"font-weight: 400;\"> and a <\/span><b>publication<\/b><span style=\"font-weight: 400;\">.<\/span><\/p>\n<\/div>\n<div>\n<p><b>TEAM<\/p>\n<p><\/b><span class=\"Apple-converted-space\">ARTISTIC DIRECTION<br \/><\/span>Elisabete Paiva, Mariana Mata Passos, Raquel Ribeiro dos Santos<\/p>\n<p><span class=\"Apple-converted-space\">HEAD OF PRODUCTION<br \/><\/span>Sara Abrantes<\/p>\n<p><span class=\"Apple-converted-space\">EXECUTIVE PRODUCTION<br \/><\/span>Jo\u00e3o Belo, Rafael F. Vieira<\/p>\n<p><span>PRODUCTION ASSISTANT<br \/><\/span>Filipa Coelho, Marta Almada<\/p>\n<p>COMMUNICATION MANAGER<br \/>In\u00eas Lampreia<\/p>\n<p>DESIGN &amp; COMMUNICATION ASSISTANT<br \/>Carolina Couto<\/p>\n<p>VIDEO<br \/>Alexandre Moutinho, M\u00e1rcio Almeida, Marta Salazar, Miguel Canaverde, Pedro Mourinha (Waves of Youth)<\/p>\n<p>PHOTOGRAPHY<br \/>Margarida Macedo Basto, Nuno Direitinho<\/p>\n<p>FINANCIAL &amp; ADMINISTRATIVE ASSISTANCE<br \/>Maria Jo\u00e3o Soares<\/p>\n<p>MEDIATION<br \/>Anabela Calatr\u00f3ia (at\u00e9 setembro 2022), Patr\u00edcia Freire (depois de setembro 2022) | \u00c9vora,\u00a0Ant\u00f3nia Honrado | Lisboa,\u00a0Carla Dias | Sardoal<\/p>\n<p><strong>YOUNGSTERS<\/strong><\/p>\n<p>\u00c9VORA<br \/>Sofia Barreto, Beatriz C\u00f3ias, Beatriz Bacelar, Carlota Figueiredo, Clara Ferreira, F\u00e1bio P\u00e9 Leve, Beatriz Branco, N\u00faria Gra\u00e7a, Rafael Mateus, Sofia Grilo, Sara Soares<\/p>\n<p>LISBOA<br \/>Arthur Moreira, D\u00e9bora Cruz, James Carlo David, J\u00falia Duarte Nunes, Lia Paladino Marins, Levi Oliveira, Mafalda Fernandes, Nazar\u00e9 Sousa, Sancha Paganini, Sofia S\u00e9rcio<\/p>\n<p>SARDOAL<br \/>Afonso Serras, Ana Cruz, Beatriz Oliveira, Beatriz Dias Rodrigues, Diogo Carboila, Jo\u00e3o Lobato, Lara Santos Barbosa, Murilo Oliveira, Phoenix<\/p>\n<p><b>ARTISTS<\/b><\/p>\n<p>Beatriz Pereira, Carlota Jardim, Eduardo Freitas, Filipa Branco Jaques, Hugo Lopes, Lu\u00eds Coelho Gra\u00e7a, Maria Abrantes, Micaela Morgado, Rodrigo Pereira, Sara Anjo, Sindri Leifsson<\/p>\n<p><b>PARTNERS<\/p>\n<p><\/b>Ragnhildur Stef\u00e1nsd\u00f3ttir (Academy of the Senses)<br \/>Dagny Stuedahl (OsloMet)<br \/>Pedro Fazenda (P\u00f3 de Vir a Ser)<br \/>Miguel Borges (President, Municipality of Sardoal)<br \/>Pedro Rosa (Head of Staff, Municipality of Sardoal)<br \/>Cl\u00e1udia Costa (Direction of Communication, Municipality of Sardoal)<br \/><span>Miguel Pedro (<\/span><span>Head of the Culture Division, Municipality of \u00c9vora)<br \/><\/span>Nuno Figueiredo (Superior Technician of Division of Culture, Municipality of \u00c9vora)<br \/>Cristina Pratas Cruzeiro (Researcher \u2014 <span>Art History Institute, School of Social Sciences and Humanities\u00a0of the NOVA University of Lisbon (NOVA FCSH) | IN2PAST \u2013 Associated Laboratory for Research and Innovation in Heritage, Arts, Sustainability and Territory)<br \/><\/span>Bruno Marques (Researcher \u2014 Art History Institute, School of Social Sciences and Humanities of the NOVA University of Lisbon (NOVA FCSH) | IN2PAST \u2013 Associated Laboratory for Research and Innovation in Heritage, Arts, Sustainability and Territory)<br \/><span>Cl\u00e1udia Madeira (Assistant professor \u2014 Instituto de Comunica\u00e7\u00e3o da NOVA, Faculdade de Ci\u00eancias Sociais e Humanas da Universidade NOVA de Lisboa \/ NOVA Institute of Communication, School of Social Sciences and Humanities of the NOVA University of Lisbon (NOVA FCSH)<br \/><\/span>Ana Telles (University of \u00c9vora Full Professor | Director of the School of Arts)<br \/>Leonel Alegre (Researcher \u2014 University of \u00c9vora)<br \/><span>Nelson Cristo (Assimagra Diretor \/ International Affairs &amp; Project Manager)<\/span><\/p>\n<\/div>\n<div><em><strong>LISTEN<\/strong><\/em><\/div>\n<div><em><strong>OBSERVE<\/strong><\/em><\/div>\n<div><em><strong>SHARE<\/strong><\/em><\/div>\n<p><!--more--><br \/>\n<!-- {\"type\":\"layout\",\"children\":[{\"type\":\"section\",\"props\":{\"style\":\"default\",\"width\":\"default\",\"vertical_align\":\"middle\",\"title_position\":\"top-left\",\"title_rotation\":\"left\",\"title_breakpoint\":\"xl\",\"image_position\":\"center-center\",\"animation\":\"fade\",\"animation_delay\":\"100\"},\"children\":[{\"type\":\"row\",\"children\":[{\"type\":\"column\",\"props\":{\"position_sticky_breakpoint\":\"m\",\"image_position\":\"center-center\",\"media_overlay_gradient\":\"\",\"width_medium\":\"\"},\"children\":[{\"type\":\"text\",\"props\":{\"margin\":\"default\",\"column_breakpoint\":\"m\",\"content\":\"\n\n<p><span style=\\\"font-weight: 400;\\\"><strong>DENTES DE LE\\u00c3O<\\\/strong>\\u00a0is a participatory arts project investing in youngsters from Sardoal, \\u00c9vora and Lisbon, as well as in young artists from the regions of Santar\\u00e9m and \\u00c9vora and from Iceland. It fosters the coordination of cultural, heritage and human resources from those territories, resorting to collaborative, learning and reflexive processes, seeking to value them and render them sustainable.<\\\/span><\\\/p>\\n\n\n<p><strong>DENTES DE LE\\u00c3O IS:<br \\\/><\\\/strong>\\u2731 <span style=\\\"font-weight: 400;\\\">a collaborative space for youngsters and artists to create together by concurrently carrying out weekly <\\\/span><b>Youth Encounters<\\\/b><span style=\\\"font-weight: 400;\\\"> and ten <\\\/span><b>Artistic Residencies<\\\/b><span style=\\\"font-weight: 400;\\\">;<\\\/span><\\\/p>\\n\n\n<p>\\u2731 <span style=\\\"font-weight: 400;\\\">a learning space for artists and other cultural actors via three <\\\/span><b>Artistic Labs<\\\/b><span style=\\\"font-weight: 400;\\\"> and a <\\\/span><b>Participatory Arts Course<\\\/b><span style=\\\"font-weight: 400;\\\">;<\\\/span><\\\/p>\\n\n\n<p>\\u2731 <span style=\\\"font-weight: 400;\\\">a programming space that will host several presentations as <\\\/span><b>Open Workshops<\\\/b><span style=\\\"font-weight: 400;\\\"> (\\u00c9vora) and a <\\\/span><b>Participatory Arts Cycle<\\\/b><span style=\\\"font-weight: 400;\\\"> (Sardoal);<\\\/span><\\\/p>\\n\n\n<p>\\u2731 <span style=\\\"font-weight: 400;\\\">and a reflexive space in collaboration with the academic community, featuring the <\\\/span><b>setting-up of a specific monitoring and evaluation methodology<\\\/b><span style=\\\"font-weight: 400;\\\">, a<\\\/span><b> Closing Forum<\\\/b><span style=\\\"font-weight: 400;\\\"> and a <\\\/span><b>publication<\\\/b><span style=\\\"font-weight: 400;\\\">.<\\\/span><\\\/p>\",\"text_size\":\"large\",\"text_color\":\"secondary\",\"column\":\"1-2\"}}]}]}]},{\"type\":\"section\",\"props\":{\"style\":\"default\",\"width\":\"default\",\"vertical_align\":\"middle\",\"title_position\":\"top-left\",\"title_rotation\":\"left\",\"title_breakpoint\":\"xl\",\"image_position\":\"center-center\"},\"children\":[{\"type\":\"row\",\"children\":[{\"type\":\"column\",\"props\":{\"position_sticky_breakpoint\":\"m\",\"image_position\":\"center-center\",\"media_overlay_gradient\":\"\"},\"children\":[{\"type\":\"text\",\"props\":{\"margin\":\"medium\",\"column_breakpoint\":\"m\",\"content\":\"\n\n<p><b>TEAM<br \\\/><br \\\/><\\\/b><span class=\\\"Apple-converted-space\\\">ARTISTIC DIRECTION<br \\\/><\\\/span>Elisabete Paiva, Mariana Mata Passos, Raquel Ribeiro dos Santos<\\\/p>\\n\n\n<p><span class=\\\"Apple-converted-space\\\">HEAD OF PRODUCTION<br \\\/><\\\/span>Sara Abrantes<\\\/p>\\n\n\n<p><span class=\\\"Apple-converted-space\\\">EXECUTIVE PRODUCTION<br \\\/><\\\/span>Jo\\u00e3o Belo, Rafael F. Vieira<\\\/p>\\n\n\n<p><span>PRODUCTION ASSISTANT<br \\\/><\\\/span>Filipa Coelho, Marta Almada<\\\/p>\\n\n\n<p>COMMUNICATION MANAGER<br \\\/>In\\u00eas Lampreia<\\\/p>\\n\n\n<p>DESIGN &amp; COMMUNICATION ASSISTANT<br \\\/>Carolina Couto<\\\/p>\\n\n\n<p>VIDEO<br \\\/>Alexandre Moutinho, M\\u00e1rcio Almeida, Marta Salazar, Miguel Canaverde, Pedro Mourinha (Waves of Youth)<\\\/p>\\n\n\n<p>PHOTOGRAPHY<br \\\/>Margarida Macedo Basto, Nuno Direitinho<\\\/p>\\n\n\n<p>FINANCIAL &amp; ADMINISTRATIVE ASSISTANCE<br \\\/>Maria Jo\\u00e3o Soares<\\\/p>\\n\n\n<p>MEDIATION<br \\\/>Anabela Calatr\\u00f3ia (at\\u00e9 setembro 2022), Patr\\u00edcia Freire (depois de setembro 2022) | \\u00c9vora,\\u00a0Ant\\u00f3nia Honrado | Lisboa,\\u00a0Carla Dias | Sardoal<\\\/p>\\n\n\n<p><strong>YOUNGSTERS<\\\/strong><\\\/p>\\n\n\n<p>\\u00c9VORA<br \\\/>Sofia Barreto, Beatriz C\\u00f3ias, Beatriz Bacelar, Carlota Figueiredo, Clara Ferreira, F\\u00e1bio P\\u00e9 Leve, Beatriz Branco, N\\u00faria Gra\\u00e7a, Rafael Mateus, Sofia Grilo, Sara Soares<\\\/p>\\n\n\n<p>LISBOA<br \\\/>Arthur Moreira, D\\u00e9bora Cruz, James Carlo David, J\\u00falia Duarte Nunes, Lia Paladino Marins, Levi Oliveira, Mafalda Fernandes, Nazar\\u00e9 Sousa, Sancha Paganini, Sofia S\\u00e9rcio<\\\/p>\\n\n\n<p>SARDOAL<br \\\/>Afonso Serras, Ana Cruz, Beatriz Oliveira, Beatriz Dias Rodrigues, Diogo Carboila, Jo\\u00e3o Lobato, Lara Santos Barbosa, Murilo Oliveira, Phoenix<\\\/p>\\n\n\n<p><b>ARTISTS<\\\/b><\\\/p>\\n\n\n<p>Beatriz Pereira, Carlota Jardim, Eduardo Freitas, Filipa Branco Jaques, Hugo Lopes, Lu\\u00eds Coelho Gra\\u00e7a, Maria Abrantes, Micaela Morgado, Rodrigo Pereira, Sara Anjo, Sindri Leifsson<\\\/p>\\n\n\n<p><b>PARTNERS<br \\\/><br \\\/><\\\/b>Ragnhildur Stef\\u00e1nsd\\u00f3ttir (Academy of the Senses)<br \\\/>Dagny Stuedahl (OsloMet)<br \\\/>Pedro Fazenda (P\\u00f3 de Vir a Ser)<br \\\/>Miguel Borges (President, Municipality of Sardoal)<br \\\/>Pedro Rosa (Head of Staff, Municipality of Sardoal)<br \\\/>Cl\\u00e1udia Costa (Direction of Communication, Municipality of Sardoal)<br \\\/><span>Miguel Pedro (<\\\/span><span>Head of the Culture Division, Municipality of \\u00c9vora)<br \\\/><\\\/span>Nuno Figueiredo (Superior Technician of Division of Culture, Municipality of \\u00c9vora)<br \\\/>Cristina Pratas Cruzeiro (Researcher \\u2014 <span>Art History Institute, School of Social Sciences and Humanities\\u00a0of the NOVA University of Lisbon (NOVA FCSH) | IN2PAST \\u2013 Associated Laboratory for Research and Innovation in Heritage, Arts, Sustainability and Territory)<br \\\/><\\\/span>Bruno Marques (Researcher \\u2014 Art History Institute, School of Social Sciences and Humanities of the NOVA University of Lisbon (NOVA FCSH) | IN2PAST \\u2013 Associated Laboratory for Research and Innovation in Heritage, Arts, Sustainability and Territory)<br \\\/><span>Cl\\u00e1udia Madeira (Assistant professor \\u2014 Instituto de Comunica\\u00e7\\u00e3o da NOVA, Faculdade de Ci\\u00eancias Sociais e Humanas da Universidade NOVA de Lisboa \\\/ NOVA Institute of Communication, School of Social Sciences and Humanities of the NOVA University of Lisbon (NOVA FCSH)<br \\\/><\\\/span>Ana Telles (University of \\u00c9vora Full Professor | Director of the School of Arts)<br \\\/>Leonel Alegre (Researcher \\u2014 University of \\u00c9vora)<br \\\/><span>Nelson Cristo (Assimagra Diretor \\\/ International Affairs &amp; Project Manager)<\\\/span><\\\/p>\",\"text_style\":\"meta\",\"text_color\":\"secondary\",\"column\":\"1-3\",\"animation\":\"scale-up\",\"column_divider\":true}}]}]}]},{\"type\":\"section\",\"props\":{\"style\":\"default\",\"width\":\"default\",\"vertical_align\":\"middle\",\"title_position\":\"top-left\",\"title_rotation\":\"left\",\"title_breakpoint\":\"xl\",\"image_position\":\"center-center\",\"animation\":\"slide-bottom-medium\",\"animation_delay\":\"100\"},\"children\":[{\"type\":\"row\",\"props\":{\"layout\":\"1-3,1-3,1-3\"},\"children\":[{\"type\":\"column\",\"props\":{\"position_sticky_breakpoint\":\"m\",\"image_position\":\"center-center\",\"media_overlay_gradient\":\"\",\"width_medium\":\"1-3\"},\"children\":[{\"type\":\"headline\",\"props\":{\"title_element\":\"div\",\"title_color\":\"secondary\",\"content\":\"<em><strong>LISTEN<\\\/strong><\\\/em>\",\"title_style\":\"heading-medium\",\"text_align\":\"left\",\"text_align_breakpoint\":\"m\",\"text_align_fallback\":\"center\"}}]},{\"type\":\"column\",\"props\":{\"position_sticky_breakpoint\":\"m\",\"image_position\":\"center-center\",\"media_overlay_gradient\":\"\",\"width_medium\":\"1-3\"},\"children\":[{\"type\":\"headline\",\"props\":{\"title_element\":\"div\",\"title_color\":\"secondary\",\"content\":\"<em><strong>OBSERVE<\\\/strong><\\\/em>\",\"title_style\":\"heading-medium\",\"text_align\":\"center\"}}]},{\"type\":\"column\",\"props\":{\"position_sticky_breakpoint\":\"m\",\"image_position\":\"center-center\",\"media_overlay_gradient\":\"\",\"width_medium\":\"1-3\"},\"children\":[{\"type\":\"headline\",\"props\":{\"title_element\":\"div\",\"title_color\":\"secondary\",\"content\":\"<em><strong>SHARE<\\\/strong><\\\/em>\",\"title_style\":\"heading-medium\",\"text_align\":\"right\",\"text_align_breakpoint\":\"m\",\"text_align_fallback\":\"center\"}}]}]}]}],\"version\":\"2.7.22\"} --><\/p>\n","protected":false},"excerpt":{"rendered":"<p>DENTES DE LE\u00c3O\u00a0is a participatory arts project investing in youngsters from Sardoal, \u00c9vora and Lisbon, as well as in young artists from the regions of Santar\u00e9m and \u00c9vora and from Iceland. It fosters the coordination of cultural, heritage and human resources from those territories, resorting to collaborative, learning and reflexive processes, seeking to value them [&hellip;]<\/p>\n","protected":false},"author":1,"featured_media":0,"parent":0,"menu_order":0,"comment_status":"closed","ping_status":"closed","template":"","meta":[],"acf":[],"_links":{"self":[{"href":"https:\/\/dentesdeleao.pt\/en\/wp-json\/wp\/v2\/pages\/1879"}],"collection":[{"href":"https:\/\/dentesdeleao.pt\/en\/wp-json\/wp\/v2\/pages"}],"about":[{"href":"https:\/\/dentesdeleao.pt\/en\/wp-json\/wp\/v2\/types\/page"}],"author":[{"embeddable":true,"href":"https:\/\/dentesdeleao.pt\/en\/wp-json\/wp\/v2\/users\/1"}],"replies":[{"embeddable":true,"href":"https:\/\/dentesdeleao.pt\/en\/wp-json\/wp\/v2\/comments?post=1879"}],"version-history":[{"count":6,"href":"https:\/\/dentesdeleao.pt\/en\/wp-json\/wp\/v2\/pages\/1879\/revisions"}],"predecessor-version":[{"id":2929,"href":"https:\/\/dentesdeleao.pt\/en\/wp-json\/wp\/v2\/pages\/1879\/revisions\/2929"}],"wp:attachment":[{"href":"https:\/\/dentesdeleao.pt\/en\/wp-json\/wp\/v2\/media?parent=1879"}],"curies":[{"name":"wp","href":"https:\/\/api.w.org\/{rel}","templated":true}]}}